{"id":2,"date":"2022-05-01T11:36:38","date_gmt":"2022-05-01T09:36:38","guid":{"rendered":"http:\/\/educ-acappella.fr\/?page_id=2"},"modified":"2023-07-31T11:41:06","modified_gmt":"2023-07-31T09:41:06","slug":"page-d-exemple","status":"publish","type":"page","link":"https:\/\/educ-acappella.fr\/?page_id=2","title":{"rendered":"Un \u00e9ducateur Sp\u00e9cialis\u00e9 Lib\u00e9ral"},"content":{"rendered":"\n<h1 class=\"wp-block-heading\"><\/h1>\n\n\n\n<p><\/p>\n\n\n\n<figure class=\"wp-block-image size-large is-resized\"><img decoding=\"async\" loading=\"lazy\" src=\"http:\/\/educ-acappella.fr\/wp-content\/uploads\/2022\/12\/Pascal-656x1024.png\" alt=\"\" class=\"wp-image-57\" width=\"218\" height=\"340\" srcset=\"https:\/\/educ-acappella.fr\/wp-content\/uploads\/2022\/12\/Pascal-656x1024.png 656w, https:\/\/educ-acappella.fr\/wp-content\/uploads\/2022\/12\/Pascal-192x300.png 192w, https:\/\/educ-acappella.fr\/wp-content\/uploads\/2022\/12\/Pascal.png 696w\" sizes=\"(max-width: 218px) 100vw, 218px\" \/><\/figure>\n\n\n\n<p><\/p>\n\n\n\n<p><\/p>\n\n\n\n<p><\/p>\n\n\n\n<p><\/p>\n\n\n\n<p class=\"has-text-align-left\">Je m&#8217;appelle pascal LE GUELTE, j&#8217;ai 51 ans et suis p\u00e8re de 2 enfants.<\/p>\n\n\n\n<p class=\"has-text-align-left\">Educateur Sp\u00e9cialis\u00e9  dipl\u00f4m\u00e9 en 1999, je travaille en Psychiatrie Infanto Juv\u00e9nile depuis 21 ans.<\/p>\n\n\n\n<p>Je suis actuellement  salari\u00e9 au C.H G\u00e9rard MARCHANT \u00e0 80% ou j&#8217;occupe un poste en CMP et CATTP.<\/p>\n\n\n\n<p>Acteur de l&#8217;innovation sociale, d\u00e9velopper une activit\u00e9 lib\u00e9rale me permet d&#8217;ajuster mes interventions &#8220;sur mesure&#8221; selon des situations et demandes auxquelles je r\u00e9ponds &#8220;sans d\u00e9lai&#8221;.<\/p>\n\n\n\n<p>J&#8217;interviens si n\u00e9cessaire \u00e0 votre domicile ainsi que dans tout environnement de socialisation de votre enfant.<\/p>\n\n\n\n<p>Je me d\u00e9place \u00e0 domicile dans un rayon de 15 km autour de Boussens.<\/p>\n\n\n\n<p><\/p>\n\n\n\n<p><\/p>\n\n\n\n<figure class=\"wp-block-image size-full is-resized\"><img decoding=\"async\" loading=\"lazy\" src=\"http:\/\/educ-acappella.fr\/wp-content\/uploads\/2023\/01\/image-1.png\" alt=\"\" class=\"wp-image-89\" width=\"581\" height=\"407\" srcset=\"https:\/\/educ-acappella.fr\/wp-content\/uploads\/2023\/01\/image-1.png 750w, https:\/\/educ-acappella.fr\/wp-content\/uploads\/2023\/01\/image-1-300x210.png 300w\" sizes=\"(max-width: 581px) 100vw, 581px\" \/><\/figure>\n\n\n\n<p><\/p>\n\n\n\n<p><\/p>\n\n\n\n<p><\/p>\n\n\n\n<p>Enfin, au fil de la prise en charge de votre enfant, je  propose aux parents un espace de parole. <\/p>\n\n\n\n<p>Etre l\u00e0 pour soutenir une parentalit\u00e9 bless\u00e9e qui soul\u00e8ve beaucoup de questions: <\/p>\n\n\n\n<p>&#8221; <em>Qu&#8217;est-ce qui arrive \u00e0 mon enfant?<\/em>&#8220;, &#8220;<em>A-t-il un comportement normal?<\/em>&#8220;, &#8220;<em>Comment doit-on r\u00e9agir quand il est en crise?<\/em>&#8221; <\/p>\n\n\n\n<p>J&#8217;organise des rencontres entre parents pour favoriser l&#8217;\u00e9change et le partage d&#8217;exp\u00e9rience entre pairs qui se retrouvent parfois face aux m\u00eame questions.<\/p>\n\n\n\n<p><\/p>\n\n\n\n<figure class=\"wp-block-image size-large\"><img decoding=\"async\" loading=\"lazy\" width=\"1024\" height=\"768\" src=\"http:\/\/educ-acappella.fr\/wp-content\/uploads\/2023\/07\/image-1024x768.png\" alt=\"\" class=\"wp-image-254\" srcset=\"https:\/\/educ-acappella.fr\/wp-content\/uploads\/2023\/07\/image-1024x768.png 1024w, https:\/\/educ-acappella.fr\/wp-content\/uploads\/2023\/07\/image-300x225.png 300w, https:\/\/educ-acappella.fr\/wp-content\/uploads\/2023\/07\/image-768x576.png 768w, https:\/\/educ-acappella.fr\/wp-content\/uploads\/2023\/07\/image-1536x1152.png 1536w, https:\/\/educ-acappella.fr\/wp-content\/uploads\/2023\/07\/image.png 1920w\" sizes=\"(max-width: 1024px) 100vw, 1024px\" \/><\/figure>\n\n\n\n<figure class=\"wp-block-image size-large is-resized\"><img decoding=\"async\" loading=\"lazy\" src=\"http:\/\/educ-acappella.fr\/wp-content\/uploads\/2023\/07\/image-1-768x1024.png\" alt=\"\" class=\"wp-image-256\" width=\"847\" height=\"1129\" srcset=\"https:\/\/educ-acappella.fr\/wp-content\/uploads\/2023\/07\/image-1-768x1024.png 768w, https:\/\/educ-acappella.fr\/wp-content\/uploads\/2023\/07\/image-1-225x300.png 225w, https:\/\/educ-acappella.fr\/wp-content\/uploads\/2023\/07\/image-1-1152x1536.png 1152w, https:\/\/educ-acappella.fr\/wp-content\/uploads\/2023\/07\/image-1.png 1440w\" sizes=\"(max-width: 847px) 100vw, 847px\" \/><\/figure>\n\n\n\n<figure class=\"wp-block-image size-large\"><img decoding=\"async\" loading=\"lazy\" width=\"1024\" height=\"768\" src=\"http:\/\/educ-acappella.fr\/wp-content\/uploads\/2023\/07\/image-2-1024x768.png\" alt=\"\" class=\"wp-image-257\" srcset=\"https:\/\/educ-acappella.fr\/wp-content\/uploads\/2023\/07\/image-2-1024x768.png 1024w, https:\/\/educ-acappella.fr\/wp-content\/uploads\/2023\/07\/image-2-300x225.png 300w, https:\/\/educ-acappella.fr\/wp-content\/uploads\/2023\/07\/image-2-768x576.png 768w, https:\/\/educ-acappella.fr\/wp-content\/uploads\/2023\/07\/image-2-1536x1152.png 1536w, https:\/\/educ-acappella.fr\/wp-content\/uploads\/2023\/07\/image-2.png 1920w\" sizes=\"(max-width: 1024px) 100vw, 1024px\" \/><\/figure>\n","protected":false},"excerpt":{"rendered":"<p>Je m&#8217;appelle pascal LE GUELTE, j&#8217;ai 51 ans et suis p\u00e8re de 2 enfants. Educateur Sp\u00e9cialis\u00e9 dipl\u00f4m\u00e9 en 1999, je travaille en Psychiatrie Infanto Juv\u00e9nile depuis 21 ans. Je suis actuellement salari\u00e9 au C.H G\u00e9rard MARCHANT \u00e0 80% ou j&#8217;occupe un poste en CMP et CATTP. Acteur de l&#8217;innovation sociale, d\u00e9velopper une activit\u00e9 lib\u00e9rale me&hellip; <\/p>\n","protected":false},"author":1,"featured_media":57,"parent":0,"menu_order":0,"comment_status":"closed","ping_status":"open","template":"","meta":{"_themeisle_gutenberg_block_has_review":false},"_links":{"self":[{"href":"https:\/\/educ-acappella.fr\/index.php?rest_route=\/wp\/v2\/pages\/2"}],"collection":[{"href":"https:\/\/educ-acappella.fr\/index.php?rest_route=\/wp\/v2\/pages"}],"about":[{"href":"https:\/\/educ-acappella.fr\/index.php?rest_route=\/wp\/v2\/types\/page"}],"author":[{"embeddable":true,"href":"https:\/\/educ-acappella.fr\/index.php?rest_route=\/wp\/v2\/users\/1"}],"replies":[{"embeddable":true,"href":"https:\/\/educ-acappella.fr\/index.php?rest_route=%2Fwp%2Fv2%2Fcomments&post=2"}],"version-history":[{"count":21,"href":"https:\/\/educ-acappella.fr\/index.php?rest_route=\/wp\/v2\/pages\/2\/revisions"}],"predecessor-version":[{"id":258,"href":"https:\/\/educ-acappella.fr\/index.php?rest_route=\/wp\/v2\/pages\/2\/revisions\/258"}],"wp:featuredmedia":[{"embeddable":true,"href":"https:\/\/educ-acappella.fr\/index.php?rest_route=\/wp\/v2\/media\/57"}],"wp:attachment":[{"href":"https:\/\/educ-acappella.fr\/index.php?rest_route=%2Fwp%2Fv2%2Fmedia&parent=2"}],"curies":[{"name":"wp","href":"https:\/\/api.w.org\/{rel}","templated":true}]}}